{"id":1923,"date":"2021-12-07T18:41:14","date_gmt":"2021-12-07T17:41:14","guid":{"rendered":"https:\/\/inherite.co\/?post_type=product&#038;p=1923"},"modified":"2024-04-29T13:16:34","modified_gmt":"2024-04-29T11:16:34","slug":"bluzka-son-fuchsia","status":"publish","type":"product","link":"https:\/\/inherite.co\/en\/produkt\/bluzka-son-fuchsia\/","title":{"rendered":"BLUZKA SON | FUCHSIA"},"content":{"rendered":"","protected":false},"excerpt":{"rendered":"<div id=\"collapseOne\" class=\"collapse show\" aria-labelledby=\"headingOne\" data-parent=\"#accordionExample\">\n<div class=\"card-body\">\n<p>Prosta bluzka wykonana z pi\u0119knej \u017cakardowej tkaniny w intensywnym kolorze fuksji, kt\u00f3ra podkr\u0119ci nawet najprostsz\u0105 stylizacj\u0119. Sprawdzi si\u0119 do eleganckich spodni i sp\u00f3dnic oraz do d\u017cins\u00f3w. Delikatne rozci\u0119cie z ty\u0142u zapinane na guzik.<\/p>\n<p>Wyprodukowano w Polsce.<\/p>\n<p>&nbsp;<\/p>\n<p>Sk\u0142ad:<\/p>\n<p>73% wiskoza 27% jedwab<\/p>\n<p>&nbsp;<\/p>\n<p>Wymiary:<\/p>\n<p>D\u0142ugo\u015b\u0107 (bez pi\u00f3r) = 46,5 cm (S); 47,5 cm (M)<\/p>\n<p>Szeroko\u015b\u0107 = 46 cm (S); 48 cm (M)<\/p>\n<\/div>\n<\/div>\n","protected":false},"featured_media":1924,"template":"","meta":{"_acf_changed":false},"product_brand":[],"product_cat":[18],"product_tag":[],"class_list":{"0":"post-1923","1":"product","2":"type-product","3":"status-publish","4":"has-post-thumbnail","6":"product_cat-bluzki","8":"first","9":"outofstock","10":"taxable","11":"shipping-taxable","12":"purchasable","13":"product-type-variable"},"acf":[],"yoast_head":"<!-- This site is optimized with the Yoast SEO plugin v24.6 - https:\/\/yoast.com\/wordpress\/plugins\/seo\/ -->\n<title>BLUZKA SON | FUCHSIA | INHERITE<\/title>\n<meta name=\"robots\" content=\"index, follow, max-snippet:-1, max-image-preview:large, max-video-preview:-1\" \/>\n<link rel=\"canonical\" href=\"https:\/\/inherite.co\/produkt\/bluzka-son-fuchsia\/\" \/>\n<meta property=\"og:locale\" content=\"en_US\" \/>\n<meta property=\"og:type\" content=\"article\" \/>\n<meta property=\"og:title\" content=\"BLUZKA SON | FUCHSIA | INHERITE\" \/>\n<meta property=\"og:description\" content=\"Prosta bluzka wykonana z pi\u0119knej \u017cakardowej tkaniny w intensywnym kolorze fuksji, kt\u00f3ra podkr\u0119ci nawet najprostsz\u0105 stylizacj\u0119. Sprawdzi si\u0119 do eleganckich spodni i sp\u00f3dnic oraz do d\u017cins\u00f3w. Delikatne rozci\u0119cie z ty\u0142u zapinane na guzik.  Wyprodukowano w Polsce.  &nbsp;  Sk\u0142ad:  73% wiskoza 27% jedwab  &nbsp;  Wymiary:  D\u0142ugo\u015b\u0107 (bez pi\u00f3r) = 46,5 cm (S); 47,5 cm (M)  Szeroko\u015b\u0107 = 46 cm (S); 48 cm (M)\" \/>\n<meta property=\"og:url\" content=\"https:\/\/inherite.co\/produkt\/bluzka-son-fuchsia\/\" \/>\n<meta property=\"og:site_name\" content=\"INHERITE\" \/>\n<meta property=\"article:publisher\" content=\"https:\/\/www.facebook.com\/INHERITE-107218914368733\" \/>\n<meta property=\"article:modified_time\" content=\"2024-04-29T11:16:34+00:00\" \/>\n<meta property=\"og:image\" content=\"https:\/\/inherite.co\/wp-content\/uploads\/2021\/12\/DSC_6870-min-scaled.jpg\" \/>\n\t<meta property=\"og:image:width\" content=\"2560\" \/>\n\t<meta property=\"og:image:height\" content=\"2560\" \/>\n\t<meta property=\"og:image:type\" content=\"image\/jpeg\" \/>\n<meta name=\"twitter:card\" content=\"summary_large_image\" \/>\n<script type=\"application\/ld+json\" class=\"yoast-schema-graph\">{\"@context\":\"https:\/\/schema.org\",\"@graph\":[{\"@type\":\"WebPage\",\"@id\":\"https:\/\/inherite.co\/produkt\/bluzka-son-fuchsia\/\",\"url\":\"https:\/\/inherite.co\/produkt\/bluzka-son-fuchsia\/\",\"name\":\"BLUZKA SON | FUCHSIA | INHERITE\",\"isPartOf\":{\"@id\":\"https:\/\/inherite.co\/#website\"},\"primaryImageOfPage\":{\"@id\":\"https:\/\/inherite.co\/produkt\/bluzka-son-fuchsia\/#primaryimage\"},\"image\":{\"@id\":\"https:\/\/inherite.co\/produkt\/bluzka-son-fuchsia\/#primaryimage\"},\"thumbnailUrl\":\"https:\/\/inherite.co\/wp-content\/uploads\/2021\/12\/DSC_6870-min-scaled.jpg\",\"datePublished\":\"2021-12-07T17:41:14+00:00\",\"dateModified\":\"2024-04-29T11:16:34+00:00\",\"breadcrumb\":{\"@id\":\"https:\/\/inherite.co\/produkt\/bluzka-son-fuchsia\/#breadcrumb\"},\"inLanguage\":\"en-US\",\"potentialAction\":[{\"@type\":\"ReadAction\",\"target\":[\"https:\/\/inherite.co\/produkt\/bluzka-son-fuchsia\/\"]}]},{\"@type\":\"ImageObject\",\"inLanguage\":\"en-US\",\"@id\":\"https:\/\/inherite.co\/produkt\/bluzka-son-fuchsia\/#primaryimage\",\"url\":\"https:\/\/inherite.co\/wp-content\/uploads\/2021\/12\/DSC_6870-min-scaled.jpg\",\"contentUrl\":\"https:\/\/inherite.co\/wp-content\/uploads\/2021\/12\/DSC_6870-min-scaled.jpg\",\"width\":2560,\"height\":2560},{\"@type\":\"BreadcrumbList\",\"@id\":\"https:\/\/inherite.co\/produkt\/bluzka-son-fuchsia\/#breadcrumb\",\"itemListElement\":[{\"@type\":\"ListItem\",\"position\":1,\"name\":\"Strona g\u0142\u00f3wna\",\"item\":\"https:\/\/inherite.co\/en\/\"},{\"@type\":\"ListItem\",\"position\":2,\"name\":\"Shop\",\"item\":\"https:\/\/inherite.co\/en\/shop\/\"},{\"@type\":\"ListItem\",\"position\":3,\"name\":\"BLUZKA SON | FUCHSIA\"}]},{\"@type\":\"WebSite\",\"@id\":\"https:\/\/inherite.co\/#website\",\"url\":\"https:\/\/inherite.co\/\",\"name\":\"INHERITE\",\"description\":\"GOOD THINGS ARE MADE TO LAST. SEE BY YOURSELF.\",\"publisher\":{\"@id\":\"https:\/\/inherite.co\/#organization\"},\"potentialAction\":[{\"@type\":\"SearchAction\",\"target\":{\"@type\":\"EntryPoint\",\"urlTemplate\":\"https:\/\/inherite.co\/?s={search_term_string}\"},\"query-input\":{\"@type\":\"PropertyValueSpecification\",\"valueRequired\":true,\"valueName\":\"search_term_string\"}}],\"inLanguage\":\"en-US\"},{\"@type\":\"Organization\",\"@id\":\"https:\/\/inherite.co\/#organization\",\"name\":\"INHERITE\",\"url\":\"https:\/\/inherite.co\/\",\"logo\":{\"@type\":\"ImageObject\",\"inLanguage\":\"en-US\",\"@id\":\"https:\/\/inherite.co\/#\/schema\/logo\/image\/\",\"url\":\"https:\/\/inherite.co\/wp-content\/uploads\/2020\/09\/logo-inherite.png\",\"contentUrl\":\"https:\/\/inherite.co\/wp-content\/uploads\/2020\/09\/logo-inherite.png\",\"width\":391,\"height\":60,\"caption\":\"INHERITE\"},\"image\":{\"@id\":\"https:\/\/inherite.co\/#\/schema\/logo\/image\/\"},\"sameAs\":[\"https:\/\/www.facebook.com\/INHERITE-107218914368733\",\"https:\/\/www.instagram.com\/inherite.co\/\",\"https:\/\/pl.pinterest.com\/INHERITE\/\"]}]}<\/script>\n<!-- \/ Yoast SEO plugin. -->","yoast_head_json":{"title":"BLUZKA SON | FUCHSIA | INHERITE","robots":{"index":"index","follow":"follow","max-snippet":"max-snippet:-1","max-image-preview":"max-image-preview:large","max-video-preview":"max-video-preview:-1"},"canonical":"https:\/\/inherite.co\/produkt\/bluzka-son-fuchsia\/","og_locale":"en_US","og_type":"article","og_title":"BLUZKA SON | FUCHSIA | INHERITE","og_description":"Prosta bluzka wykonana z pi\u0119knej \u017cakardowej tkaniny w intensywnym kolorze fuksji, kt\u00f3ra podkr\u0119ci nawet najprostsz\u0105 stylizacj\u0119. Sprawdzi si\u0119 do eleganckich spodni i sp\u00f3dnic oraz do d\u017cins\u00f3w. Delikatne rozci\u0119cie z ty\u0142u zapinane na guzik.  Wyprodukowano w Polsce.  &nbsp;  Sk\u0142ad:  73% wiskoza 27% jedwab  &nbsp;  Wymiary:  D\u0142ugo\u015b\u0107 (bez pi\u00f3r) = 46,5 cm (S); 47,5 cm (M)  Szeroko\u015b\u0107 = 46 cm (S); 48 cm (M)","og_url":"https:\/\/inherite.co\/produkt\/bluzka-son-fuchsia\/","og_site_name":"INHERITE","article_publisher":"https:\/\/www.facebook.com\/INHERITE-107218914368733","article_modified_time":"2024-04-29T11:16:34+00:00","og_image":[{"width":2560,"height":2560,"url":"https:\/\/inherite.co\/wp-content\/uploads\/2021\/12\/DSC_6870-min-scaled.jpg","type":"image\/jpeg"}],"twitter_card":"summary_large_image","schema":{"@context":"https:\/\/schema.org","@graph":[{"@type":"WebPage","@id":"https:\/\/inherite.co\/produkt\/bluzka-son-fuchsia\/","url":"https:\/\/inherite.co\/produkt\/bluzka-son-fuchsia\/","name":"BLUZKA SON | FUCHSIA | INHERITE","isPartOf":{"@id":"https:\/\/inherite.co\/#website"},"primaryImageOfPage":{"@id":"https:\/\/inherite.co\/produkt\/bluzka-son-fuchsia\/#primaryimage"},"image":{"@id":"https:\/\/inherite.co\/produkt\/bluzka-son-fuchsia\/#primaryimage"},"thumbnailUrl":"https:\/\/inherite.co\/wp-content\/uploads\/2021\/12\/DSC_6870-min-scaled.jpg","datePublished":"2021-12-07T17:41:14+00:00","dateModified":"2024-04-29T11:16:34+00:00","breadcrumb":{"@id":"https:\/\/inherite.co\/produkt\/bluzka-son-fuchsia\/#breadcrumb"},"inLanguage":"en-US","potentialAction":[{"@type":"ReadAction","target":["https:\/\/inherite.co\/produkt\/bluzka-son-fuchsia\/"]}]},{"@type":"ImageObject","inLanguage":"en-US","@id":"https:\/\/inherite.co\/produkt\/bluzka-son-fuchsia\/#primaryimage","url":"https:\/\/inherite.co\/wp-content\/uploads\/2021\/12\/DSC_6870-min-scaled.jpg","contentUrl":"https:\/\/inherite.co\/wp-content\/uploads\/2021\/12\/DSC_6870-min-scaled.jpg","width":2560,"height":2560},{"@type":"BreadcrumbList","@id":"https:\/\/inherite.co\/produkt\/bluzka-son-fuchsia\/#breadcrumb","itemListElement":[{"@type":"ListItem","position":1,"name":"Strona g\u0142\u00f3wna","item":"https:\/\/inherite.co\/en\/"},{"@type":"ListItem","position":2,"name":"Shop","item":"https:\/\/inherite.co\/en\/shop\/"},{"@type":"ListItem","position":3,"name":"BLUZKA SON | FUCHSIA"}]},{"@type":"WebSite","@id":"https:\/\/inherite.co\/#website","url":"https:\/\/inherite.co\/","name":"INHERITE","description":"GOOD THINGS ARE MADE TO LAST. SEE BY YOURSELF.","publisher":{"@id":"https:\/\/inherite.co\/#organization"},"potentialAction":[{"@type":"SearchAction","target":{"@type":"EntryPoint","urlTemplate":"https:\/\/inherite.co\/?s={search_term_string}"},"query-input":{"@type":"PropertyValueSpecification","valueRequired":true,"valueName":"search_term_string"}}],"inLanguage":"en-US"},{"@type":"Organization","@id":"https:\/\/inherite.co\/#organization","name":"INHERITE","url":"https:\/\/inherite.co\/","logo":{"@type":"ImageObject","inLanguage":"en-US","@id":"https:\/\/inherite.co\/#\/schema\/logo\/image\/","url":"https:\/\/inherite.co\/wp-content\/uploads\/2020\/09\/logo-inherite.png","contentUrl":"https:\/\/inherite.co\/wp-content\/uploads\/2020\/09\/logo-inherite.png","width":391,"height":60,"caption":"INHERITE"},"image":{"@id":"https:\/\/inherite.co\/#\/schema\/logo\/image\/"},"sameAs":["https:\/\/www.facebook.com\/INHERITE-107218914368733","https:\/\/www.instagram.com\/inherite.co\/","https:\/\/pl.pinterest.com\/INHERITE\/"]}]}},"_links":{"self":[{"href":"https:\/\/inherite.co\/en\/wp-json\/wp\/v2\/product\/1923","targetHints":{"allow":["GET"]}}],"collection":[{"href":"https:\/\/inherite.co\/en\/wp-json\/wp\/v2\/product"}],"about":[{"href":"https:\/\/inherite.co\/en\/wp-json\/wp\/v2\/types\/product"}],"wp:featuredmedia":[{"embeddable":true,"href":"https:\/\/inherite.co\/en\/wp-json\/wp\/v2\/media\/1924"}],"wp:attachment":[{"href":"https:\/\/inherite.co\/en\/wp-json\/wp\/v2\/media?parent=1923"}],"wp:term":[{"taxonomy":"product_brand","embeddable":true,"href":"https:\/\/inherite.co\/en\/wp-json\/wp\/v2\/product_brand?post=1923"},{"taxonomy":"product_cat","embeddable":true,"href":"https:\/\/inherite.co\/en\/wp-json\/wp\/v2\/product_cat?post=1923"},{"taxonomy":"product_tag","embeddable":true,"href":"https:\/\/inherite.co\/en\/wp-json\/wp\/v2\/product_tag?post=1923"}],"curies":[{"name":"wp","href":"https:\/\/api.w.org\/{rel}","templated":true}]}}