{"id":3326,"date":"2023-06-10T07:12:16","date_gmt":"2023-06-10T05:12:16","guid":{"rendered":"https:\/\/inherite.co\/?post_type=product&#038;p=3326"},"modified":"2024-08-12T20:55:49","modified_gmt":"2024-08-12T18:55:49","slug":"sukienka-goddess-red","status":"publish","type":"product","link":"https:\/\/inherite.co\/en\/produkt\/sukienka-goddess-red\/","title":{"rendered":"SUKIENKA GODDESS | RED"},"content":{"rendered":"","protected":false},"excerpt":{"rendered":"<p>Sukienka midi o klasycznym, ponadczasowym kroju na jedno rami\u0119. R\u0119kaw zako\u0144czony jest ozdobnym wi\u0105zaniem. Sukienka Goddess wykonana jest z tkaniny b\u0119d\u0105cej mieszank\u0105 lnu i wiskozy w kolorze intensywnej czerwieni.<\/p>\n<p>Modelka ma 179 cm wzrostu i ma na sobie rozmiar S.<\/p>\n<p>Wyprodukowano w Polsce.<\/p>\n<p>Sk\u0142ad:<\/p>\n<p>55% len 45% wiskoza<\/p>\n","protected":false},"featured_media":3337,"template":"","meta":{"_acf_changed":false},"product_brand":[],"product_cat":[64],"product_tag":[],"class_list":{"0":"post-3326","1":"product","2":"type-product","3":"status-publish","4":"has-post-thumbnail","6":"product_cat-sale","8":"first","9":"instock","10":"sale","11":"taxable","12":"shipping-taxable","13":"purchasable","14":"product-type-variable","15":"has-default-attributes"},"acf":[],"yoast_head":"<!-- This site is optimized with the Yoast SEO plugin v24.6 - https:\/\/yoast.com\/wordpress\/plugins\/seo\/ -->\n<title>SUKIENKA GODDESS | RED | INHERITE<\/title>\n<meta name=\"robots\" content=\"index, follow, max-snippet:-1, max-image-preview:large, max-video-preview:-1\" \/>\n<link rel=\"canonical\" href=\"https:\/\/inherite.co\/produkt\/sukienka-goddess-red\/\" \/>\n<meta property=\"og:locale\" content=\"en_US\" \/>\n<meta property=\"og:type\" content=\"article\" \/>\n<meta property=\"og:title\" content=\"SUKIENKA GODDESS | RED | INHERITE\" \/>\n<meta property=\"og:description\" content=\"Sukienka midi o klasycznym, ponadczasowym kroju na jedno rami\u0119. R\u0119kaw zako\u0144czony jest ozdobnym wi\u0105zaniem. Sukienka Goddess wykonana jest z tkaniny b\u0119d\u0105cej mieszank\u0105 lnu i wiskozy w kolorze intensywnej czerwieni.  Modelka ma 179 cm wzrostu i ma na sobie rozmiar S.  Wyprodukowano w Polsce.  Sk\u0142ad:  55% len 45% wiskoza\" \/>\n<meta property=\"og:url\" content=\"https:\/\/inherite.co\/produkt\/sukienka-goddess-red\/\" \/>\n<meta property=\"og:site_name\" content=\"INHERITE\" \/>\n<meta property=\"article:publisher\" content=\"https:\/\/www.facebook.com\/INHERITE-107218914368733\" \/>\n<meta property=\"article:modified_time\" content=\"2024-08-12T18:55:49+00:00\" \/>\n<meta property=\"og:image\" content=\"https:\/\/inherite.co\/wp-content\/uploads\/2023\/06\/INHERITE_48230Cx-scaled.jpg\" \/>\n\t<meta property=\"og:image:width\" content=\"1707\" \/>\n\t<meta property=\"og:image:height\" content=\"2560\" \/>\n\t<meta property=\"og:image:type\" content=\"image\/jpeg\" \/>\n<meta name=\"twitter:card\" content=\"summary_large_image\" \/>\n<script type=\"application\/ld+json\" class=\"yoast-schema-graph\">{\"@context\":\"https:\/\/schema.org\",\"@graph\":[{\"@type\":\"WebPage\",\"@id\":\"https:\/\/inherite.co\/produkt\/sukienka-goddess-red\/\",\"url\":\"https:\/\/inherite.co\/produkt\/sukienka-goddess-red\/\",\"name\":\"SUKIENKA GODDESS | RED | INHERITE\",\"isPartOf\":{\"@id\":\"https:\/\/inherite.co\/#website\"},\"primaryImageOfPage\":{\"@id\":\"https:\/\/inherite.co\/produkt\/sukienka-goddess-red\/#primaryimage\"},\"image\":{\"@id\":\"https:\/\/inherite.co\/produkt\/sukienka-goddess-red\/#primaryimage\"},\"thumbnailUrl\":\"https:\/\/inherite.co\/wp-content\/uploads\/2023\/06\/INHERITE_48230Cx-scaled.jpg\",\"datePublished\":\"2023-06-10T05:12:16+00:00\",\"dateModified\":\"2024-08-12T18:55:49+00:00\",\"breadcrumb\":{\"@id\":\"https:\/\/inherite.co\/produkt\/sukienka-goddess-red\/#breadcrumb\"},\"inLanguage\":\"en-US\",\"potentialAction\":[{\"@type\":\"ReadAction\",\"target\":[\"https:\/\/inherite.co\/produkt\/sukienka-goddess-red\/\"]}]},{\"@type\":\"ImageObject\",\"inLanguage\":\"en-US\",\"@id\":\"https:\/\/inherite.co\/produkt\/sukienka-goddess-red\/#primaryimage\",\"url\":\"https:\/\/inherite.co\/wp-content\/uploads\/2023\/06\/INHERITE_48230Cx-scaled.jpg\",\"contentUrl\":\"https:\/\/inherite.co\/wp-content\/uploads\/2023\/06\/INHERITE_48230Cx-scaled.jpg\",\"width\":1707,\"height\":2560},{\"@type\":\"BreadcrumbList\",\"@id\":\"https:\/\/inherite.co\/produkt\/sukienka-goddess-red\/#breadcrumb\",\"itemListElement\":[{\"@type\":\"ListItem\",\"position\":1,\"name\":\"Strona g\u0142\u00f3wna\",\"item\":\"https:\/\/inherite.co\/en\/\"},{\"@type\":\"ListItem\",\"position\":2,\"name\":\"Shop\",\"item\":\"https:\/\/inherite.co\/en\/shop\/\"},{\"@type\":\"ListItem\",\"position\":3,\"name\":\"SUKIENKA GODDESS | RED\"}]},{\"@type\":\"WebSite\",\"@id\":\"https:\/\/inherite.co\/#website\",\"url\":\"https:\/\/inherite.co\/\",\"name\":\"INHERITE\",\"description\":\"GOOD THINGS ARE MADE TO LAST. SEE BY YOURSELF.\",\"publisher\":{\"@id\":\"https:\/\/inherite.co\/#organization\"},\"potentialAction\":[{\"@type\":\"SearchAction\",\"target\":{\"@type\":\"EntryPoint\",\"urlTemplate\":\"https:\/\/inherite.co\/?s={search_term_string}\"},\"query-input\":{\"@type\":\"PropertyValueSpecification\",\"valueRequired\":true,\"valueName\":\"search_term_string\"}}],\"inLanguage\":\"en-US\"},{\"@type\":\"Organization\",\"@id\":\"https:\/\/inherite.co\/#organization\",\"name\":\"INHERITE\",\"url\":\"https:\/\/inherite.co\/\",\"logo\":{\"@type\":\"ImageObject\",\"inLanguage\":\"en-US\",\"@id\":\"https:\/\/inherite.co\/#\/schema\/logo\/image\/\",\"url\":\"https:\/\/inherite.co\/wp-content\/uploads\/2020\/09\/logo-inherite.png\",\"contentUrl\":\"https:\/\/inherite.co\/wp-content\/uploads\/2020\/09\/logo-inherite.png\",\"width\":391,\"height\":60,\"caption\":\"INHERITE\"},\"image\":{\"@id\":\"https:\/\/inherite.co\/#\/schema\/logo\/image\/\"},\"sameAs\":[\"https:\/\/www.facebook.com\/INHERITE-107218914368733\",\"https:\/\/www.instagram.com\/inherite.co\/\",\"https:\/\/pl.pinterest.com\/INHERITE\/\"]}]}<\/script>\n<!-- \/ Yoast SEO plugin. -->","yoast_head_json":{"title":"SUKIENKA GODDESS | RED | INHERITE","robots":{"index":"index","follow":"follow","max-snippet":"max-snippet:-1","max-image-preview":"max-image-preview:large","max-video-preview":"max-video-preview:-1"},"canonical":"https:\/\/inherite.co\/produkt\/sukienka-goddess-red\/","og_locale":"en_US","og_type":"article","og_title":"SUKIENKA GODDESS | RED | INHERITE","og_description":"Sukienka midi o klasycznym, ponadczasowym kroju na jedno rami\u0119. R\u0119kaw zako\u0144czony jest ozdobnym wi\u0105zaniem. Sukienka Goddess wykonana jest z tkaniny b\u0119d\u0105cej mieszank\u0105 lnu i wiskozy w kolorze intensywnej czerwieni.  Modelka ma 179 cm wzrostu i ma na sobie rozmiar S.  Wyprodukowano w Polsce.  Sk\u0142ad:  55% len 45% wiskoza","og_url":"https:\/\/inherite.co\/produkt\/sukienka-goddess-red\/","og_site_name":"INHERITE","article_publisher":"https:\/\/www.facebook.com\/INHERITE-107218914368733","article_modified_time":"2024-08-12T18:55:49+00:00","og_image":[{"width":1707,"height":2560,"url":"https:\/\/inherite.co\/wp-content\/uploads\/2023\/06\/INHERITE_48230Cx-scaled.jpg","type":"image\/jpeg"}],"twitter_card":"summary_large_image","schema":{"@context":"https:\/\/schema.org","@graph":[{"@type":"WebPage","@id":"https:\/\/inherite.co\/produkt\/sukienka-goddess-red\/","url":"https:\/\/inherite.co\/produkt\/sukienka-goddess-red\/","name":"SUKIENKA GODDESS | RED | INHERITE","isPartOf":{"@id":"https:\/\/inherite.co\/#website"},"primaryImageOfPage":{"@id":"https:\/\/inherite.co\/produkt\/sukienka-goddess-red\/#primaryimage"},"image":{"@id":"https:\/\/inherite.co\/produkt\/sukienka-goddess-red\/#primaryimage"},"thumbnailUrl":"https:\/\/inherite.co\/wp-content\/uploads\/2023\/06\/INHERITE_48230Cx-scaled.jpg","datePublished":"2023-06-10T05:12:16+00:00","dateModified":"2024-08-12T18:55:49+00:00","breadcrumb":{"@id":"https:\/\/inherite.co\/produkt\/sukienka-goddess-red\/#breadcrumb"},"inLanguage":"en-US","potentialAction":[{"@type":"ReadAction","target":["https:\/\/inherite.co\/produkt\/sukienka-goddess-red\/"]}]},{"@type":"ImageObject","inLanguage":"en-US","@id":"https:\/\/inherite.co\/produkt\/sukienka-goddess-red\/#primaryimage","url":"https:\/\/inherite.co\/wp-content\/uploads\/2023\/06\/INHERITE_48230Cx-scaled.jpg","contentUrl":"https:\/\/inherite.co\/wp-content\/uploads\/2023\/06\/INHERITE_48230Cx-scaled.jpg","width":1707,"height":2560},{"@type":"BreadcrumbList","@id":"https:\/\/inherite.co\/produkt\/sukienka-goddess-red\/#breadcrumb","itemListElement":[{"@type":"ListItem","position":1,"name":"Strona g\u0142\u00f3wna","item":"https:\/\/inherite.co\/en\/"},{"@type":"ListItem","position":2,"name":"Shop","item":"https:\/\/inherite.co\/en\/shop\/"},{"@type":"ListItem","position":3,"name":"SUKIENKA GODDESS | RED"}]},{"@type":"WebSite","@id":"https:\/\/inherite.co\/#website","url":"https:\/\/inherite.co\/","name":"INHERITE","description":"GOOD THINGS ARE MADE TO LAST. SEE BY YOURSELF.","publisher":{"@id":"https:\/\/inherite.co\/#organization"},"potentialAction":[{"@type":"SearchAction","target":{"@type":"EntryPoint","urlTemplate":"https:\/\/inherite.co\/?s={search_term_string}"},"query-input":{"@type":"PropertyValueSpecification","valueRequired":true,"valueName":"search_term_string"}}],"inLanguage":"en-US"},{"@type":"Organization","@id":"https:\/\/inherite.co\/#organization","name":"INHERITE","url":"https:\/\/inherite.co\/","logo":{"@type":"ImageObject","inLanguage":"en-US","@id":"https:\/\/inherite.co\/#\/schema\/logo\/image\/","url":"https:\/\/inherite.co\/wp-content\/uploads\/2020\/09\/logo-inherite.png","contentUrl":"https:\/\/inherite.co\/wp-content\/uploads\/2020\/09\/logo-inherite.png","width":391,"height":60,"caption":"INHERITE"},"image":{"@id":"https:\/\/inherite.co\/#\/schema\/logo\/image\/"},"sameAs":["https:\/\/www.facebook.com\/INHERITE-107218914368733","https:\/\/www.instagram.com\/inherite.co\/","https:\/\/pl.pinterest.com\/INHERITE\/"]}]}},"_links":{"self":[{"href":"https:\/\/inherite.co\/en\/wp-json\/wp\/v2\/product\/3326","targetHints":{"allow":["GET"]}}],"collection":[{"href":"https:\/\/inherite.co\/en\/wp-json\/wp\/v2\/product"}],"about":[{"href":"https:\/\/inherite.co\/en\/wp-json\/wp\/v2\/types\/product"}],"wp:featuredmedia":[{"embeddable":true,"href":"https:\/\/inherite.co\/en\/wp-json\/wp\/v2\/media\/3337"}],"wp:attachment":[{"href":"https:\/\/inherite.co\/en\/wp-json\/wp\/v2\/media?parent=3326"}],"wp:term":[{"taxonomy":"product_brand","embeddable":true,"href":"https:\/\/inherite.co\/en\/wp-json\/wp\/v2\/product_brand?post=3326"},{"taxonomy":"product_cat","embeddable":true,"href":"https:\/\/inherite.co\/en\/wp-json\/wp\/v2\/product_cat?post=3326"},{"taxonomy":"product_tag","embeddable":true,"href":"https:\/\/inherite.co\/en\/wp-json\/wp\/v2\/product_tag?post=3326"}],"curies":[{"name":"wp","href":"https:\/\/api.w.org\/{rel}","templated":true}]}}