{"id":3400,"date":"2023-06-10T07:07:28","date_gmt":"2023-06-10T05:07:28","guid":{"rendered":"https:\/\/inherite.co\/?post_type=product&#038;p=3400"},"modified":"2025-10-25T22:36:09","modified_gmt":"2025-10-25T20:36:09","slug":"bluzka-layla-red-flowers","status":"publish","type":"product","link":"https:\/\/inherite.co\/en\/produkt\/bluzka-layla-red-flowers\/","title":{"rendered":"BLUZKA LAYLA | RED FLOWERS"},"content":{"rendered":"","protected":false},"excerpt":{"rendered":"<p>Bluzka na jedno rami\u0119 z ozdobnym marszczeniem na ramieniu o lu\u017anym kroju. Ciekawa forma bluzki Layla sprawdzi si\u0119 w stylizacjach codziennych i wieczorowych. Wykonana z wiskozy w r\u00f3\u017cowo-czerwony kwiatowy wz\u00f3r.<\/p>\n<p>Modelka ma 179 cm wzrostu i ma na sobie rozmiar S<\/p>\n<p>Wyprodukowano w Polsce.<\/p>\n<p>Sk\u0142ad:<\/p>\n<p>100% wiskoza<\/p>\n","protected":false},"featured_media":3402,"template":"","meta":{"_acf_changed":false},"product_brand":[],"product_cat":[64],"product_tag":[],"class_list":{"0":"post-3400","1":"product","2":"type-product","3":"status-publish","4":"has-post-thumbnail","6":"product_cat-sale","8":"first","9":"instock","10":"sale","11":"taxable","12":"shipping-taxable","13":"purchasable","14":"product-type-variable","15":"has-default-attributes"},"acf":[],"yoast_head":"<!-- This site is optimized with the Yoast SEO plugin v24.6 - https:\/\/yoast.com\/wordpress\/plugins\/seo\/ -->\n<title>BLUZKA LAYLA | RED FLOWERS | INHERITE<\/title>\n<meta name=\"robots\" content=\"index, follow, max-snippet:-1, max-image-preview:large, max-video-preview:-1\" \/>\n<link rel=\"canonical\" href=\"https:\/\/inherite.co\/produkt\/bluzka-layla-red-flowers\/\" \/>\n<meta property=\"og:locale\" content=\"en_US\" \/>\n<meta property=\"og:type\" content=\"article\" \/>\n<meta property=\"og:title\" content=\"BLUZKA LAYLA | RED FLOWERS | INHERITE\" \/>\n<meta property=\"og:description\" content=\"Bluzka na jedno rami\u0119 z ozdobnym marszczeniem na ramieniu o lu\u017anym kroju. Ciekawa forma bluzki Layla sprawdzi si\u0119 w stylizacjach codziennych i wieczorowych. Wykonana z wiskozy w r\u00f3\u017cowo-czerwony kwiatowy wz\u00f3r.  Modelka ma 179 cm wzrostu i ma na sobie rozmiar S  Wyprodukowano w Polsce.  Sk\u0142ad:  100% wiskoza\" \/>\n<meta property=\"og:url\" content=\"https:\/\/inherite.co\/produkt\/bluzka-layla-red-flowers\/\" \/>\n<meta property=\"og:site_name\" content=\"INHERITE\" \/>\n<meta property=\"article:publisher\" content=\"https:\/\/www.facebook.com\/INHERITE-107218914368733\" \/>\n<meta property=\"article:modified_time\" content=\"2025-10-25T20:36:09+00:00\" \/>\n<meta property=\"og:image\" content=\"https:\/\/inherite.co\/wp-content\/uploads\/2023\/06\/INHERITE_47939.jpg\" \/>\n\t<meta property=\"og:image:width\" content=\"1667\" \/>\n\t<meta property=\"og:image:height\" content=\"2500\" \/>\n\t<meta property=\"og:image:type\" content=\"image\/jpeg\" \/>\n<meta name=\"twitter:card\" content=\"summary_large_image\" \/>\n<script type=\"application\/ld+json\" class=\"yoast-schema-graph\">{\"@context\":\"https:\/\/schema.org\",\"@graph\":[{\"@type\":\"WebPage\",\"@id\":\"https:\/\/inherite.co\/produkt\/bluzka-layla-red-flowers\/\",\"url\":\"https:\/\/inherite.co\/produkt\/bluzka-layla-red-flowers\/\",\"name\":\"BLUZKA LAYLA | RED FLOWERS | INHERITE\",\"isPartOf\":{\"@id\":\"https:\/\/inherite.co\/#website\"},\"primaryImageOfPage\":{\"@id\":\"https:\/\/inherite.co\/produkt\/bluzka-layla-red-flowers\/#primaryimage\"},\"image\":{\"@id\":\"https:\/\/inherite.co\/produkt\/bluzka-layla-red-flowers\/#primaryimage\"},\"thumbnailUrl\":\"https:\/\/inherite.co\/wp-content\/uploads\/2023\/06\/INHERITE_47939.jpg\",\"datePublished\":\"2023-06-10T05:07:28+00:00\",\"dateModified\":\"2025-10-25T20:36:09+00:00\",\"breadcrumb\":{\"@id\":\"https:\/\/inherite.co\/produkt\/bluzka-layla-red-flowers\/#breadcrumb\"},\"inLanguage\":\"en-US\",\"potentialAction\":[{\"@type\":\"ReadAction\",\"target\":[\"https:\/\/inherite.co\/produkt\/bluzka-layla-red-flowers\/\"]}]},{\"@type\":\"ImageObject\",\"inLanguage\":\"en-US\",\"@id\":\"https:\/\/inherite.co\/produkt\/bluzka-layla-red-flowers\/#primaryimage\",\"url\":\"https:\/\/inherite.co\/wp-content\/uploads\/2023\/06\/INHERITE_47939.jpg\",\"contentUrl\":\"https:\/\/inherite.co\/wp-content\/uploads\/2023\/06\/INHERITE_47939.jpg\",\"width\":1667,\"height\":2500},{\"@type\":\"BreadcrumbList\",\"@id\":\"https:\/\/inherite.co\/produkt\/bluzka-layla-red-flowers\/#breadcrumb\",\"itemListElement\":[{\"@type\":\"ListItem\",\"position\":1,\"name\":\"Strona g\u0142\u00f3wna\",\"item\":\"https:\/\/inherite.co\/en\/\"},{\"@type\":\"ListItem\",\"position\":2,\"name\":\"Shop\",\"item\":\"https:\/\/inherite.co\/en\/shop\/\"},{\"@type\":\"ListItem\",\"position\":3,\"name\":\"BLUZKA LAYLA | RED FLOWERS\"}]},{\"@type\":\"WebSite\",\"@id\":\"https:\/\/inherite.co\/#website\",\"url\":\"https:\/\/inherite.co\/\",\"name\":\"INHERITE\",\"description\":\"GOOD THINGS ARE MADE TO LAST. SEE BY YOURSELF.\",\"publisher\":{\"@id\":\"https:\/\/inherite.co\/#organization\"},\"potentialAction\":[{\"@type\":\"SearchAction\",\"target\":{\"@type\":\"EntryPoint\",\"urlTemplate\":\"https:\/\/inherite.co\/?s={search_term_string}\"},\"query-input\":{\"@type\":\"PropertyValueSpecification\",\"valueRequired\":true,\"valueName\":\"search_term_string\"}}],\"inLanguage\":\"en-US\"},{\"@type\":\"Organization\",\"@id\":\"https:\/\/inherite.co\/#organization\",\"name\":\"INHERITE\",\"url\":\"https:\/\/inherite.co\/\",\"logo\":{\"@type\":\"ImageObject\",\"inLanguage\":\"en-US\",\"@id\":\"https:\/\/inherite.co\/#\/schema\/logo\/image\/\",\"url\":\"https:\/\/inherite.co\/wp-content\/uploads\/2020\/09\/logo-inherite.png\",\"contentUrl\":\"https:\/\/inherite.co\/wp-content\/uploads\/2020\/09\/logo-inherite.png\",\"width\":391,\"height\":60,\"caption\":\"INHERITE\"},\"image\":{\"@id\":\"https:\/\/inherite.co\/#\/schema\/logo\/image\/\"},\"sameAs\":[\"https:\/\/www.facebook.com\/INHERITE-107218914368733\",\"https:\/\/www.instagram.com\/inherite.co\/\",\"https:\/\/pl.pinterest.com\/INHERITE\/\"]}]}<\/script>\n<!-- \/ Yoast SEO plugin. -->","yoast_head_json":{"title":"BLUZKA LAYLA | RED FLOWERS | INHERITE","robots":{"index":"index","follow":"follow","max-snippet":"max-snippet:-1","max-image-preview":"max-image-preview:large","max-video-preview":"max-video-preview:-1"},"canonical":"https:\/\/inherite.co\/produkt\/bluzka-layla-red-flowers\/","og_locale":"en_US","og_type":"article","og_title":"BLUZKA LAYLA | RED FLOWERS | INHERITE","og_description":"Bluzka na jedno rami\u0119 z ozdobnym marszczeniem na ramieniu o lu\u017anym kroju. Ciekawa forma bluzki Layla sprawdzi si\u0119 w stylizacjach codziennych i wieczorowych. Wykonana z wiskozy w r\u00f3\u017cowo-czerwony kwiatowy wz\u00f3r.  Modelka ma 179 cm wzrostu i ma na sobie rozmiar S  Wyprodukowano w Polsce.  Sk\u0142ad:  100% wiskoza","og_url":"https:\/\/inherite.co\/produkt\/bluzka-layla-red-flowers\/","og_site_name":"INHERITE","article_publisher":"https:\/\/www.facebook.com\/INHERITE-107218914368733","article_modified_time":"2025-10-25T20:36:09+00:00","og_image":[{"width":1667,"height":2500,"url":"https:\/\/inherite.co\/wp-content\/uploads\/2023\/06\/INHERITE_47939.jpg","type":"image\/jpeg"}],"twitter_card":"summary_large_image","schema":{"@context":"https:\/\/schema.org","@graph":[{"@type":"WebPage","@id":"https:\/\/inherite.co\/produkt\/bluzka-layla-red-flowers\/","url":"https:\/\/inherite.co\/produkt\/bluzka-layla-red-flowers\/","name":"BLUZKA LAYLA | RED FLOWERS | INHERITE","isPartOf":{"@id":"https:\/\/inherite.co\/#website"},"primaryImageOfPage":{"@id":"https:\/\/inherite.co\/produkt\/bluzka-layla-red-flowers\/#primaryimage"},"image":{"@id":"https:\/\/inherite.co\/produkt\/bluzka-layla-red-flowers\/#primaryimage"},"thumbnailUrl":"https:\/\/inherite.co\/wp-content\/uploads\/2023\/06\/INHERITE_47939.jpg","datePublished":"2023-06-10T05:07:28+00:00","dateModified":"2025-10-25T20:36:09+00:00","breadcrumb":{"@id":"https:\/\/inherite.co\/produkt\/bluzka-layla-red-flowers\/#breadcrumb"},"inLanguage":"en-US","potentialAction":[{"@type":"ReadAction","target":["https:\/\/inherite.co\/produkt\/bluzka-layla-red-flowers\/"]}]},{"@type":"ImageObject","inLanguage":"en-US","@id":"https:\/\/inherite.co\/produkt\/bluzka-layla-red-flowers\/#primaryimage","url":"https:\/\/inherite.co\/wp-content\/uploads\/2023\/06\/INHERITE_47939.jpg","contentUrl":"https:\/\/inherite.co\/wp-content\/uploads\/2023\/06\/INHERITE_47939.jpg","width":1667,"height":2500},{"@type":"BreadcrumbList","@id":"https:\/\/inherite.co\/produkt\/bluzka-layla-red-flowers\/#breadcrumb","itemListElement":[{"@type":"ListItem","position":1,"name":"Strona g\u0142\u00f3wna","item":"https:\/\/inherite.co\/en\/"},{"@type":"ListItem","position":2,"name":"Shop","item":"https:\/\/inherite.co\/en\/shop\/"},{"@type":"ListItem","position":3,"name":"BLUZKA LAYLA | RED FLOWERS"}]},{"@type":"WebSite","@id":"https:\/\/inherite.co\/#website","url":"https:\/\/inherite.co\/","name":"INHERITE","description":"GOOD THINGS ARE MADE TO LAST. SEE BY YOURSELF.","publisher":{"@id":"https:\/\/inherite.co\/#organization"},"potentialAction":[{"@type":"SearchAction","target":{"@type":"EntryPoint","urlTemplate":"https:\/\/inherite.co\/?s={search_term_string}"},"query-input":{"@type":"PropertyValueSpecification","valueRequired":true,"valueName":"search_term_string"}}],"inLanguage":"en-US"},{"@type":"Organization","@id":"https:\/\/inherite.co\/#organization","name":"INHERITE","url":"https:\/\/inherite.co\/","logo":{"@type":"ImageObject","inLanguage":"en-US","@id":"https:\/\/inherite.co\/#\/schema\/logo\/image\/","url":"https:\/\/inherite.co\/wp-content\/uploads\/2020\/09\/logo-inherite.png","contentUrl":"https:\/\/inherite.co\/wp-content\/uploads\/2020\/09\/logo-inherite.png","width":391,"height":60,"caption":"INHERITE"},"image":{"@id":"https:\/\/inherite.co\/#\/schema\/logo\/image\/"},"sameAs":["https:\/\/www.facebook.com\/INHERITE-107218914368733","https:\/\/www.instagram.com\/inherite.co\/","https:\/\/pl.pinterest.com\/INHERITE\/"]}]}},"_links":{"self":[{"href":"https:\/\/inherite.co\/en\/wp-json\/wp\/v2\/product\/3400","targetHints":{"allow":["GET"]}}],"collection":[{"href":"https:\/\/inherite.co\/en\/wp-json\/wp\/v2\/product"}],"about":[{"href":"https:\/\/inherite.co\/en\/wp-json\/wp\/v2\/types\/product"}],"wp:featuredmedia":[{"embeddable":true,"href":"https:\/\/inherite.co\/en\/wp-json\/wp\/v2\/media\/3402"}],"wp:attachment":[{"href":"https:\/\/inherite.co\/en\/wp-json\/wp\/v2\/media?parent=3400"}],"wp:term":[{"taxonomy":"product_brand","embeddable":true,"href":"https:\/\/inherite.co\/en\/wp-json\/wp\/v2\/product_brand?post=3400"},{"taxonomy":"product_cat","embeddable":true,"href":"https:\/\/inherite.co\/en\/wp-json\/wp\/v2\/product_cat?post=3400"},{"taxonomy":"product_tag","embeddable":true,"href":"https:\/\/inherite.co\/en\/wp-json\/wp\/v2\/product_tag?post=3400"}],"curies":[{"name":"wp","href":"https:\/\/api.w.org\/{rel}","templated":true}]}}